{"id":13,"date":"2024-03-18T08:30:29","date_gmt":"2024-03-18T08:30:29","guid":{"rendered":"https:\/\/designhub.vn\/?page_id=13"},"modified":"2025-08-04T17:35:17","modified_gmt":"2025-08-04T10:35:17","slug":"lien-he","status":"publish","type":"page","link":"https:\/\/designhub.vn\/vi\/lien-he\/","title":{"rendered":"Li\u00ean h\u1ec7"},"content":{"rendered":"\t<section class=\"section\" id=\"section_522035412\">\n\t\t<div class=\"bg section-bg fill bg-fill bg-loaded bg-loaded\" >\n\n\t\t\t\n\t\t\t\n\t\t\t\n\n\t\t<\/div>\n\n\t\t\n\n\t\t<div class=\"section-content relative\">\n\t\t\t\n\t<div id=\"text-2814124825\" class=\"text vs-contact-info\">\n\t\t\n<h3>Li\u00ean h\u1ec7 v\u1edbi ch\u00fang t\u00f4i<\/h3>\n<p>L\u00e0 doanh nghi\u1ec7p ho\u1ea1t \u0111\u1ed9ng trong l\u0129nh v\u1ef1c thi\u1ebft k\u1ebf v\u00e0 x\u00e2y d\u1ef1ng c\u00e1c c\u00f4ng tr\u00ecnh ki\u1ebfn tr\u00fac:<em>Thi\u1ebft k\u1ebf bi\u1ec7t th\u1ef1,\u00a0thi\u1ebft k\u1ebf nh\u00e0 ph\u1ed1,\u00a0thi\u1ebft k\u1ebf v\u0103n ph\u00f2ng &#8211; cao \u1ed1c,<\/em>\u00a0<em>thi\u1ebft k\u1ebf n\u1ed9i th\u1ea5t,<\/em>&#8230; <strong>Design Hub<\/strong>\u00a0t\u1eadp h\u1ee3p nh\u1eefng\u00a0<em>Ki\u1ebfn Tr\u00fac S\u01b0<\/em>\u00a0v\u00e0 nh\u1eefng nh\u00e0\u00a0<em>Thi\u1ebft K\u1ebf N\u1ed9i Th\u1ea5t<\/em>\u00a0tr\u1ebb \u0111\u1ea7y l\u00f2ng y\u00eau ngh\u1ec1, v\u1edbi s\u1ef1 s\u00e1ng t\u1ea1o kh\u00f4ng ng\u1eebng, trong th\u1eddi gian qua h\u00e0ng lo\u1ea1t c\u00f4ng tr\u00ecnh c\u1ee7a\u00a0<i>Monolit\u00a0<\/i>\u0111\u00e3 ra \u0111\u1eddi, \u0111\u00f3 l\u00e0 nh\u1eefng\u00a0<em>m\u1eabu bi\u1ec7t th\u1ef1 \u0111\u1eb9p<\/em>\u00a0tinh t\u1ebf v\u00e0 h\u00e0i h\u00f2a mang \u0111\u1eadm d\u1ea5u \u1ea5n ri\u00eang, \u0111\u00f3 l\u00e0 nh\u1eefng m\u1eabu\u00a0n\u1ed9i th\u1ea5t \u0111\u1eb9p\u00a0\u0111a phong c\u00e1ch \u0111\u00e1p \u1ee9ng y\u00eau c\u1ea7u c\u1ee7a t\u1eebng kh\u00e1ch h\u00e0ng.<\/p>\n\t\t\t<\/div>\n\t\n\n<p><iframe loading=\"lazy\" style=\"border: 0;\" src=\"https:\/\/www.google.com\/maps\/embed?pb=!1m18!1m12!1m3!1d62701.63922747069!2d106.6571841363328!3d10.82260143008274!2m3!1f0!2f0!3f0!3m2!1i1024!2i768!4f13.1!3m3!1m2!1s0x317525f9048fb21b%3A0x839ee606534c2d7b!2sInspire%20Hub%202!5e0!3m2!1svi!2s!4v1754277267436!5m2!1svi!2s\" width=\"100%\" height=\"450\" allowfullscreen=\"allowfullscreen\"><\/iframe><br \/>\n\n<div class=\"row\"  id=\"row-1000032999\">\n\n\t<div id=\"col-2072921934\" class=\"col medium-7 small-12 large-7\"  >\n\t\t\t\t<div class=\"col-inner\"  >\n\t\t\t\n\t\t\t\n\t<div id=\"text-3687512660\" class=\"text vs-contact-form\">\n\t\t\n<h3>Li\u00ean h\u1ec7 v\u1edbi ch\u00fang t\u00f4i<\/h3>\n\n<div class=\"wpcf7 no-js\" id=\"wpcf7-f249-o1\" lang=\"vi\" dir=\"ltr\" data-wpcf7-id=\"249\">\n<div class=\"screen-reader-response\"><p role=\"status\" aria-live=\"polite\" aria-atomic=\"true\"><\/p> <ul><\/ul><\/div>\n<form action=\"\/vi\/wp-json\/wp\/v2\/pages\/13#wpcf7-f249-o1\" method=\"post\" class=\"wpcf7-form init\" aria-label=\"Contact form\" novalidate=\"novalidate\" data-status=\"init\">\n<fieldset class=\"hidden-fields-container\"><input type=\"hidden\" name=\"_wpcf7\" value=\"249\" \/><input type=\"hidden\" name=\"_wpcf7_version\" value=\"6.1.2\" \/><input type=\"hidden\" name=\"_wpcf7_locale\" value=\"vi\" \/><input type=\"hidden\" name=\"_wpcf7_unit_tag\" value=\"wpcf7-f249-o1\" \/><input type=\"hidden\" name=\"_wpcf7_container_post\" value=\"0\" \/><input type=\"hidden\" name=\"_wpcf7_posted_data_hash\" value=\"\" \/>\n<\/fieldset>\n<div style=\"display: none\"><p><span class=\"wpcf7-form-control-wrap\" data-name=\"mbws\"><input size=\"40\" class=\"wpcf7-form-control wpcf7-text\" aria-invalid=\"false\" value=\"\" type=\"text\" name=\"mbws\"><\/span><\/p><\/div><p><label><br \/>\n<span class=\"wpcf7-form-control-wrap\" data-name=\"your-name\"><input size=\"40\" maxlength=\"400\" class=\"wpcf7-form-control wpcf7-text wpcf7-validates-as-required\" aria-required=\"true\" aria-invalid=\"false\" placeholder=\"H\u1ecd t\u00ean\" value=\"\" type=\"text\" name=\"your-name\" \/><\/span> <\/label>\n<\/p>\n<p><label><br \/>\n<span class=\"wpcf7-form-control-wrap\" data-name=\"your-email\"><input size=\"40\" maxlength=\"400\" class=\"wpcf7-form-control wpcf7-email wpcf7-validates-as-required wpcf7-text wpcf7-validates-as-email\" autocomplete=\"email\" aria-required=\"true\" aria-invalid=\"false\" placeholder=\"Email\" value=\"\" type=\"email\" name=\"your-email\" \/><\/span> <\/label>\n<\/p>\n<p><label><br \/>\n<span class=\"wpcf7-form-control-wrap\" data-name=\"your-subject\"><input size=\"40\" maxlength=\"400\" class=\"wpcf7-form-control wpcf7-text wpcf7-validates-as-required\" aria-required=\"true\" aria-invalid=\"false\" placeholder=\"Ti\u00eau \u0111\u1ec1\" value=\"\" type=\"text\" name=\"your-subject\" \/><\/span> <\/label>\n<\/p>\n<p><label><br \/>\n<span class=\"wpcf7-form-control-wrap\" data-name=\"your-message\"><textarea cols=\"40\" rows=\"10\" maxlength=\"2000\" class=\"wpcf7-form-control wpcf7-textarea\" aria-invalid=\"false\" placeholder=\"N\u1ed9i dung\" name=\"your-message\"><\/textarea><\/span> <\/label>\n<\/p>\n<p><input class=\"wpcf7-form-control wpcf7-submit has-spinner\" type=\"submit\" value=\"G\u1eedi\" \/>\n<\/p><div class=\"wpcf7-response-output\" aria-hidden=\"true\"><\/div>\n<\/form>\n<\/div>\n\n\t\t\t<\/div>\n\t\n\t\t<\/div>\n\t\t\t\t\t<\/div>\n\n\t\n\n\t<div id=\"col-353322191\" class=\"col medium-5 small-12 large-5\"  >\n\t\t\t\t<div class=\"col-inner\"  >\n\t\t\t\n\t\t\t\n\t<div id=\"text-2734312169\" class=\"text vs-contact-info\">\n\t\t\n<h3>Th\u00f4ng tin li\u00ean h\u1ec7<\/h3>\n<p><strong>\u0110\u1ecba ch\u1ec9<\/strong>: 122-124 \u0110\u01b0\u1eddng B2, Khu \u0111\u00f4 th\u1ecb SALA, Ph\u01b0\u1eddng An L\u1ee3i \u0110\u00f4ng, Th\u00e0nh ph\u1ed1 Th\u1ee7 \u0110\u1ee9c, Th\u00e0nh ph\u1ed1 H\u1ed3 Ch\u00ed Minh, Vi\u1ec7t Nam<\/p>\n<p><strong>S\u1ed1 \u0111i\u1ec7n tho\u1ea1i:<\/strong> <a href=\"tel:(+84) 090 311 1121\">(+84) 090 311 1121<\/a><\/p>\n<p><strong>Email<\/strong>: <a href=\"mailto:info@designhub.vn\">info@designhub.vn<\/a><br \/>\n\t\t\t<\/div>\n\t\n\t\t<\/div>\n\t\t\t\t\t<\/div>\n\n\t\n<\/div>\n\t\t<\/div>\n\n\t\t\n<style>\n#section_522035412 {\n  padding-top: 30px;\n  padding-bottom: 30px;\n}\n<\/style>\n\t<\/section>\n\t\n","protected":false},"excerpt":{"rendered":"","protected":false},"author":1,"featured_media":0,"parent":0,"menu_order":0,"comment_status":"closed","ping_status":"closed","template":"","meta":{"footnotes":""},"class_list":["post-13","page","type-page","status-publish","hentry"],"_links":{"self":[{"href":"https:\/\/designhub.vn\/vi\/wp-json\/wp\/v2\/pages\/13","targetHints":{"allow":["GET"]}}],"collection":[{"href":"https:\/\/designhub.vn\/vi\/wp-json\/wp\/v2\/pages"}],"about":[{"href":"https:\/\/designhub.vn\/vi\/wp-json\/wp\/v2\/types\/page"}],"author":[{"embeddable":true,"href":"https:\/\/designhub.vn\/vi\/wp-json\/wp\/v2\/users\/1"}],"replies":[{"embeddable":true,"href":"https:\/\/designhub.vn\/vi\/wp-json\/wp\/v2\/comments?post=13"}],"version-history":[{"count":10,"href":"https:\/\/designhub.vn\/vi\/wp-json\/wp\/v2\/pages\/13\/revisions"}],"predecessor-version":[{"id":546,"href":"https:\/\/designhub.vn\/vi\/wp-json\/wp\/v2\/pages\/13\/revisions\/546"}],"wp:attachment":[{"href":"https:\/\/designhub.vn\/vi\/wp-json\/wp\/v2\/media?parent=13"}],"curies":[{"name":"wp","href":"https:\/\/api.w.org\/{rel}","templated":true}]}}