{"id":15,"date":"2024-03-16T06:23:23","date_gmt":"2024-03-16T06:23:23","guid":{"rendered":"https:\/\/designhub.vn\/?page_id=15"},"modified":"2025-08-07T12:19:44","modified_gmt":"2025-08-07T05:19:44","slug":"gioi-thieu","status":"publish","type":"page","link":"https:\/\/designhub.vn\/vi\/gioi-thieu\/","title":{"rendered":"Gi\u1edbi thi\u1ec7u"},"content":{"rendered":"\t<section class=\"section\" id=\"section_295469627\">\n\t\t<div class=\"bg section-bg fill bg-fill bg-loaded bg-loaded\" >\n\n\t\t\t\n\t\t\t\n\t\t\t\n\t<div class=\"is-border\"\n\t\tstyle=\"border-color:rgb(235, 235, 235);border-width:1px 0px 0px 0px;\">\n\t<\/div>\n\n\t\t<\/div>\n\n\t\t\n\n\t\t<div class=\"section-content relative\">\n\t\t\t\n<div class=\"row row-large align-middle align-center\"  id=\"row-574087001\">\n\n\t<div id=\"col-1939725227\" class=\"col medium-6 small-12 large-6\"  >\n\t\t\t\t<div class=\"col-inner text-left\"  >\n\t\t\t\n\t\t\t\n\t<div id=\"text-1527861163\" class=\"text\">\n\t\t\n<h2 class=\"uppercase\"><strong>V\u1ec0 <\/strong><span style=\"color: #fec219;\"><strong>DESIGN HUB.<\/strong><\/span><\/h2>\n\t\t\n<style>\n#text-1527861163 {\n  line-height: 1.8;\n  text-align: left;\n}\n<\/style>\n\t<\/div>\n\t\n<div class=\"is-divider divider clearfix\" style=\"max-width:100px;background-color:rgb(0, 0, 0);\"><\/div>\n<div style=\"text-align: justify;\"><strong>Design Hub<\/strong> l\u00e0 m\u1ed9t \u0111\u1ed9i ng\u0169 K\u1ef9 s\u01b0, Chuy\u00ean gia T\u01b0 v\u1ea5n v\u00e0 Chuy\u00ean gia s\u00e1ng t\u1ea1o, ch\u1ee7 \u0111\u1ed9ng, nhi\u1ec7t huy\u1ebft v\u00e0 \u0111\u1ed9c l\u1eadp, c\u00f3 tr\u1ee5 s\u1edf ch\u00ednh t\u1ea1i Th\u00e0nh ph\u1ed1 H\u1ed3 Ch\u00ed Minh, Vi\u1ec7t Nam. Ch\u00fang t\u00f4i s\u1ebd tr\u1edf th\u00e0nh c\u00f4ng ty T\u01b0 v\u1ea5n h\u00e0ng \u0111\u1ea7u c\u1ea3 n\u01b0\u1edbc v\u1edbi nhi\u1ec1u l\u0129nh v\u1ef1c v\u00e0 \u0111a d\u1ea1ng c\u00e1c d\u1ef1 \u00e1n chuy\u00ean v\u1ec1 Nghe nh\u00ecn, CNTT, ELV v\u00e0 An ninh. M\u1ee5c ti\u00eau c\u1ee7a ch\u00fang t\u00f4i l\u00e0 cung c\u1ea5p c\u00e1c d\u1ecbch v\u1ee5 c\u00f4ng ngh\u1ec7 v\u01b0\u1ee3t tr\u1ed9i, t\u00f9y ch\u1ec9nh.<\/div>\n<div style=\"text-align: justify;\">\u00a0<\/div>\n<div style=\"text-align: justify;\">C\u00e1c d\u1ecbch v\u1ee5 n\u00e0y bao g\u1ed3m t\u01b0 v\u1ea5n, thi\u1ebft k\u1ebf, \u1ee7y th\u00e1c, \u0111\u00e0o t\u1ea1o v\u00e0 h\u1ed7 tr\u1ee3. Ban l\u00e3nh \u0111\u1ea1o \u0111i\u1ec1u h\u00e0nh c\u1ee7a Design Hub cam k\u1ebft duy tr\u00ec m\u1ed1i quan h\u1ec7 m\u00e0 h\u1ecd \u0111\u00e3 x\u00e2y d\u1ef1ng trong to\u00e0n ng\u00e0nh v\u1edbi kh\u00e1ch h\u00e0ng, nh\u00e0 \u0111i\u1ec1u h\u00e0nh, nh\u00f3m d\u1ef1 \u00e1n, nh\u00e0 cung c\u1ea5p v\u00e0 \u0111\u1ed1i t\u00e1c.<\/div>\n\t\t<\/div>\n\t\t\t\t\t<\/div>\n\n\t\n\n\t<div id=\"col-1737985555\" class=\"col medium-6 small-12 large-6\"  >\n\t\t\t\t<div class=\"col-inner box-shadow-2 box-shadow-5-hover\" style=\"background-color:rgb(255, 255, 255);\" >\n\t\t\t\n\t\t\t\n\t<div class=\"img has-hover x md-x lg-x y md-y lg-y\" id=\"image_1916836139\">\n\t\t\t\t\t\t\t\t<div class=\"img-inner dark\" >\n\t\t\t<img loading=\"lazy\" decoding=\"async\" width=\"359\" height=\"400\" src=\"https:\/\/designhub.vn\/wp-content\/uploads\/2025\/08\/z6871400264748_a7691a0f9cfdbb62efb65b69080bc1c8.jpg\" class=\"attachment-original size-original\" alt=\"\" srcset=\"https:\/\/designhub.vn\/wp-content\/uploads\/2025\/08\/z6871400264748_a7691a0f9cfdbb62efb65b69080bc1c8.jpg 359w, https:\/\/designhub.vn\/wp-content\/uploads\/2025\/08\/z6871400264748_a7691a0f9cfdbb62efb65b69080bc1c8-269x300.jpg 269w\" sizes=\"auto, (max-width: 359px) 100vw, 359px\" \/>\t\t\t\t\t\t\n\t\t\t\t\t<\/div>\n\t\t\t\t\t\t\t\t\n<style>\n#image_1916836139 {\n  width: 100%;\n}\n<\/style>\n\t<\/div>\n\t\n\t\t<\/div>\n\t\t\t\t\n<style>\n#col-1737985555 > .col-inner {\n  padding: 15px 15px 15px 15px;\n}\n<\/style>\n\t<\/div>\n\n\t\n<\/div>\n\t\t<\/div>\n\n\t\t\n<style>\n#section_295469627 {\n  padding-top: 59px;\n  padding-bottom: 59px;\n  min-height: 300px;\n  background-color: rgb(228, 228, 228);\n}\n<\/style>\n\t<\/section>\n\t\n\t<section class=\"section\" id=\"section_1363699007\">\n\t\t<div class=\"bg section-bg fill bg-fill bg-loaded bg-loaded\" >\n\n\t\t\t\n\t\t\t\n\t\t\t\n\t<div class=\"is-border\"\n\t\tstyle=\"border-color:rgb(235, 235, 235);border-width:1px 0px 0px 0px;\">\n\t<\/div>\n\n\t\t<\/div>\n\n\t\t\n\n\t\t<div class=\"section-content relative\">\n\t\t\t\n<div class=\"row row-large align-middle align-center\"  id=\"row-506418622\">\n\n\t<div id=\"col-965757869\" class=\"col medium-6 small-12 large-6\"  >\n\t\t\t\t<div class=\"col-inner box-shadow-2 box-shadow-5-hover\" style=\"background-color:rgb(255, 255, 255);\" >\n\t\t\t\n\t\t\t\n\t<div class=\"img has-hover x md-x lg-x y md-y lg-y\" id=\"image_318509350\">\n\t\t\t\t\t\t\t\t<div class=\"img-inner dark\" >\n\t\t\t<img loading=\"lazy\" decoding=\"async\" width=\"359\" height=\"400\" src=\"https:\/\/designhub.vn\/wp-content\/uploads\/2025\/08\/z6871400282247_8c67d04b74ed7fabb8263a11495ed1ab.jpg\" class=\"attachment-original size-original\" alt=\"\" srcset=\"https:\/\/designhub.vn\/wp-content\/uploads\/2025\/08\/z6871400282247_8c67d04b74ed7fabb8263a11495ed1ab.jpg 359w, https:\/\/designhub.vn\/wp-content\/uploads\/2025\/08\/z6871400282247_8c67d04b74ed7fabb8263a11495ed1ab-269x300.jpg 269w\" sizes=\"auto, (max-width: 359px) 100vw, 359px\" \/>\t\t\t\t\t\t\n\t\t\t\t\t<\/div>\n\t\t\t\t\t\t\t\t\n<style>\n#image_318509350 {\n  width: 100%;\n}\n<\/style>\n\t<\/div>\n\t\n\t\t<\/div>\n\t\t\t\t\n<style>\n#col-965757869 > .col-inner {\n  padding: 15px 15px 15px 15px;\n}\n<\/style>\n\t<\/div>\n\n\t\n\n\t<div id=\"col-1280061272\" class=\"col medium-6 small-12 large-6\"  >\n\t\t\t\t<div class=\"col-inner text-left\"  >\n\t\t\t\n\t\t\t\n\t<div id=\"text-1686461662\" class=\"text\">\n\t\t\n<h2 class=\"uppercase\"><strong>NH\u00d3M <\/strong><span style=\"color: #fec219;\"><strong>C\u1ee6A CH\u00daNG T\u00d4I<\/strong><\/span><\/h2>\n\t\t\n<style>\n#text-1686461662 {\n  line-height: 1.8;\n  text-align: left;\n}\n<\/style>\n\t<\/div>\n\t\n<div class=\"is-divider divider clearfix\" style=\"max-width:100px;background-color:rgb(0, 0, 0);\"><\/div>\n<p style=\"text-align: left;\"><strong>Design Hub<\/strong> tr\u00e2n tr\u1ecdng \u0111\u1ed9i ng\u0169 nh\u00e2n vi\u00ean, nh\u1eefng ng\u01b0\u1eddi \u0111\u00f3ng vai tr\u00f2 then ch\u1ed1t trong ho\u1ea1t \u0111\u1ed9ng kinh doanh c\u1ed1t l\u00f5i c\u1ee7a ch\u00fang t\u00f4i. H\u1ecd thi\u1ebft k\u1ebf c\u00e1c gi\u1ea3i ph\u00e1p c\u00f4ng ngh\u1ec7 to\u00e0n di\u1ec7n, s\u00e1ng t\u1ea1o cho d\u1ef1 \u00e1n c\u1ee7a b\u1ea1n.<\/p>\n<p style=\"text-align: left;\">\u0110\u1ed9i ng\u0169 nh\u00e2n vi\u00ean c\u1ee7a ch\u00fang t\u00f4i \u0111\u01b0\u1ee3c \u0111\u00e0o t\u1ea1o v\u00e0 c\u1eadp nh\u1eadt th\u01b0\u1eddng xuy\u00ean v\u1edbi c\u00e1c c\u00f4ng ngh\u1ec7 v\u00e0 gi\u1ea3i ph\u00e1p h\u00e0ng \u0111\u1ea7u m\u1edbi nh\u1ea5t t\u1eeb c\u00e1c nh\u00e0 s\u1ea3n xu\u1ea5t.<\/p>\n<p style=\"text-align: left;\">Ch\u00fang t\u00f4i n\u00e2ng cao n\u0103ng l\u1ef1c chuy\u00ean m\u00f4n v\u00e0 cam k\u1ebft tr\u1edf th\u00e0nh chuy\u00ean gia h\u00e0ng \u0111\u1ea7u v\u1ec1 AV c\u1ee7a b\u1ea1n.<\/p>\n\t\t<\/div>\n\t\t\t\t\t<\/div>\n\n\t\n<\/div>\n\t\t<\/div>\n\n\t\t\n<style>\n#section_1363699007 {\n  padding-top: 59px;\n  padding-bottom: 59px;\n  min-height: 300px;\n}\n<\/style>\n\t<\/section>\n\t\n\t<section class=\"section\" id=\"section_830572993\">\n\t\t<div class=\"bg section-bg fill bg-fill bg-loaded bg-loaded\" >\n\n\t\t\t\n\t\t\t\n\t\t\t\n\t<div class=\"is-border\"\n\t\tstyle=\"border-color:rgb(235, 235, 235);border-width:1px 0px 0px 0px;\">\n\t<\/div>\n\n\t\t<\/div>\n\n\t\t\n\n\t\t<div class=\"section-content relative\">\n\t\t\t\n<div class=\"row row-large align-middle align-center\"  id=\"row-815853429\">\n\n\t<div id=\"col-1389010781\" class=\"col medium-6 small-12 large-6\"  >\n\t\t\t\t<div class=\"col-inner text-left\"  >\n\t\t\t\n\t\t\t\n\t<div id=\"text-2244401255\" class=\"text\">\n\t\t\n<h2 class=\"uppercase\"><strong>GI\u00c1 TR\u1eca <\/strong><span style=\"color: #fec219;\"><strong>C\u1ee6A CH\u00daNG T\u00d4I<\/strong><\/span><\/h2>\n\t\t\n<style>\n#text-2244401255 {\n  line-height: 1.8;\n  text-align: left;\n}\n<\/style>\n\t<\/div>\n\t\n<div class=\"is-divider divider clearfix\" style=\"max-width:100px;background-color:rgb(0, 0, 0);\"><\/div>\n\n\t\t<div class=\"icon-box featured-box icon-box-left text-left\"  >\n\t\t\t\t\t<div class=\"icon-box-img\" style=\"width: 56px\">\n\t\t\t\t<div class=\"icon\">\n\t\t\t\t\t<div class=\"icon-inner\" >\n\t\t\t\t\t\t<img loading=\"lazy\" decoding=\"async\" width=\"88\" height=\"88\" src=\"https:\/\/designhub.vn\/wp-content\/uploads\/2025\/08\/1num.png\" class=\"attachment-medium size-medium\" alt=\"\" \/>\t\t\t\t\t<\/div>\n\t\t\t\t<\/div>\n\t\t\t<\/div>\n\t\t\t\t<div class=\"icon-box-text last-reset\">\n\t\t\t\t\t\t\t\t\t\n<h3>S\u00c1NG T\u1ea0O &#038; CH\u1ee6 \u0110\u1ed8NG<\/h3>\n<p>Suy ngh\u0129 v\u01b0\u1ee3t ra ngo\u00e0i khu\u00f4n kh\u1ed5 \u0111\u1ec3 t\u00ecm ki\u1ebfm \u00fd t\u01b0\u1edfng<\/p>\n\t\t<\/div>\n\t<\/div>\n\t\n\t\n\n\t\t<div class=\"icon-box featured-box icon-box-left text-left\"  style=\"margin:20px 0px 0px 0px;\">\n\t\t\t\t\t<div class=\"icon-box-img\" style=\"width: 56px\">\n\t\t\t\t<div class=\"icon\">\n\t\t\t\t\t<div class=\"icon-inner\" >\n\t\t\t\t\t\t<img loading=\"lazy\" decoding=\"async\" width=\"88\" height=\"88\" src=\"https:\/\/designhub.vn\/wp-content\/uploads\/2025\/08\/num2.png\" class=\"attachment-medium size-medium\" alt=\"\" \/>\t\t\t\t\t<\/div>\n\t\t\t\t<\/div>\n\t\t\t<\/div>\n\t\t\t\t<div class=\"icon-box-text last-reset\">\n\t\t\t\t\t\t\t\t\t\n<h3>KI\u1ebeN TH\u1ee8C TUY\u1ec6T V\u1edcI<\/h3>\n<p>T\u00ecm ra nh\u1eefng gi\u1ea3i ph\u00e1p ti\u00ean ti\u1ebfn nh\u1ea5t<\/p>\n\t\t<\/div>\n\t<\/div>\n\t\n\t\n\n\t\t<div class=\"icon-box featured-box icon-box-left text-left\"  style=\"margin:20px 0px 0px 0px;\">\n\t\t\t\t\t<div class=\"icon-box-img\" style=\"width: 56px\">\n\t\t\t\t<div class=\"icon\">\n\t\t\t\t\t<div class=\"icon-inner\" >\n\t\t\t\t\t\t<img loading=\"lazy\" decoding=\"async\" width=\"88\" height=\"88\" src=\"https:\/\/designhub.vn\/wp-content\/uploads\/2025\/08\/num3.png\" class=\"attachment-medium size-medium\" alt=\"\" \/>\t\t\t\t\t<\/div>\n\t\t\t\t<\/div>\n\t\t\t<\/div>\n\t\t\t\t<div class=\"icon-box-text last-reset\">\n\t\t\t\t\t\t\t\t\t\n<h3>TH\u1ef0C T\u1ebe &#038; LINH HO\u1ea0T<\/h3>\n<p>M\u1ecdi vi\u1ec7c \u0111\u01b0\u1ee3c th\u1ef1c hi\u1ec7n m\u1ed9t c\u00e1ch hi\u1ec7u qu\u1ea3<\/p>\n\t\t<\/div>\n\t<\/div>\n\t\n\t\n\n\t\t<div class=\"icon-box featured-box icon-box-left text-left\"  style=\"margin:20px 0px 0px 0px;\">\n\t\t\t\t\t<div class=\"icon-box-img\" style=\"width: 56px\">\n\t\t\t\t<div class=\"icon\">\n\t\t\t\t\t<div class=\"icon-inner\" >\n\t\t\t\t\t\t<img loading=\"lazy\" decoding=\"async\" width=\"88\" height=\"88\" src=\"https:\/\/designhub.vn\/wp-content\/uploads\/2025\/08\/num4.png\" class=\"attachment-medium size-medium\" alt=\"\" \/>\t\t\t\t\t<\/div>\n\t\t\t\t<\/div>\n\t\t\t<\/div>\n\t\t\t\t<div class=\"icon-box-text last-reset\">\n\t\t\t\t\t\t\t\t\t\n<h3>CH\u00cdNH TR\u1ef0C<\/h3>\n<p>Nh\u1ea5t qu\u00e1n v\u00ec l\u1ee3i \u00edch c\u1ee7a kh\u00e1ch h\u00e0ng<\/p>\n\t\t<\/div>\n\t<\/div>\n\t\n\t\n\n\t\t<div class=\"icon-box featured-box icon-box-left text-left\"  style=\"margin:20px 0px 0px 0px;\">\n\t\t\t\t\t<div class=\"icon-box-img\" style=\"width: 56px\">\n\t\t\t\t<div class=\"icon\">\n\t\t\t\t\t<div class=\"icon-inner\" >\n\t\t\t\t\t\t<img loading=\"lazy\" decoding=\"async\" width=\"88\" height=\"88\" src=\"https:\/\/designhub.vn\/wp-content\/uploads\/2025\/08\/num5.png\" class=\"attachment-medium size-medium\" alt=\"\" \/>\t\t\t\t\t<\/div>\n\t\t\t\t<\/div>\n\t\t\t<\/div>\n\t\t\t\t<div class=\"icon-box-text last-reset\">\n\t\t\t\t\t\t\t\t\t\n<h3>CH\u00cdNH TR\u1ef0C<\/h3>\n<p>Nh\u1ea5t qu\u00e1n v\u00ec l\u1ee3i \u00edch c\u1ee7a kh\u00e1ch h\u00e0ng<\/p>\n\t\t<\/div>\n\t<\/div>\n\t\n\t\n\t\t<\/div>\n\t\t\t\t\t<\/div>\n\n\t\n\n\t<div id=\"col-1516440548\" class=\"col medium-6 small-12 large-6\"  >\n\t\t\t\t<div class=\"col-inner box-shadow-2 box-shadow-5-hover\" style=\"background-color:rgb(255, 255, 255);\" >\n\t\t\t\n\t\t\t\n\t<div class=\"img has-hover x md-x lg-x y md-y lg-y\" id=\"image_1727494697\">\n\t\t\t\t\t\t\t\t<div class=\"img-inner dark\" >\n\t\t\t<img loading=\"lazy\" decoding=\"async\" width=\"381\" height=\"462\" src=\"https:\/\/designhub.vn\/wp-content\/uploads\/2025\/08\/z6871461805521_30b64afc188718f7b319efe7ebe829c0.jpg\" class=\"attachment-original size-original\" alt=\"\" srcset=\"https:\/\/designhub.vn\/wp-content\/uploads\/2025\/08\/z6871461805521_30b64afc188718f7b319efe7ebe829c0.jpg 381w, https:\/\/designhub.vn\/wp-content\/uploads\/2025\/08\/z6871461805521_30b64afc188718f7b319efe7ebe829c0-247x300.jpg 247w\" sizes=\"auto, (max-width: 381px) 100vw, 381px\" \/>\t\t\t\t\t\t\n\t\t\t\t\t<\/div>\n\t\t\t\t\t\t\t\t\n<style>\n#image_1727494697 {\n  width: 100%;\n}\n<\/style>\n\t<\/div>\n\t\n\t\t<\/div>\n\t\t\t\t\n<style>\n#col-1516440548 > .col-inner {\n  padding: 15px 15px 15px 15px;\n}\n<\/style>\n\t<\/div>\n\n\t\n<\/div>\n\t\t<\/div>\n\n\t\t\n<style>\n#section_830572993 {\n  padding-top: 59px;\n  padding-bottom: 59px;\n  min-height: 300px;\n  background-color: rgb(228, 228, 228);\n}\n<\/style>\n\t<\/section>\n\t\n\t<section class=\"section\" id=\"section_1761386919\">\n\t\t<div class=\"bg section-bg fill bg-fill bg-loaded bg-loaded\" >\n\n\t\t\t\n\t\t\t\n\t\t\t\n\t<div class=\"is-border\"\n\t\tstyle=\"border-color:rgb(235, 235, 235);border-width:1px 0px 0px 0px;\">\n\t<\/div>\n\n\t\t<\/div>\n\n\t\t\n\n\t\t<div class=\"section-content relative\">\n\t\t\t\n<div class=\"row row-large align-middle align-center\"  id=\"row-1059820069\">\n\n\t<div id=\"col-308895967\" class=\"col medium-6 small-12 large-6\"  >\n\t\t\t\t<div class=\"col-inner box-shadow-2 box-shadow-5-hover\" style=\"background-color:rgb(255, 255, 255);\" >\n\t\t\t\n\t\t\t\n\t<div class=\"img has-hover x md-x lg-x y md-y lg-y\" id=\"image_1614894105\">\n\t\t\t\t\t\t\t\t<div class=\"img-inner dark\" >\n\t\t\t<img loading=\"lazy\" decoding=\"async\" width=\"492\" height=\"570\" src=\"https:\/\/designhub.vn\/wp-content\/uploads\/2025\/08\/z6871589665684_0e5339a62c69f7b1bc9f7c5e02b828e0.jpg\" class=\"attachment-original size-original\" alt=\"\" srcset=\"https:\/\/designhub.vn\/wp-content\/uploads\/2025\/08\/z6871589665684_0e5339a62c69f7b1bc9f7c5e02b828e0.jpg 492w, https:\/\/designhub.vn\/wp-content\/uploads\/2025\/08\/z6871589665684_0e5339a62c69f7b1bc9f7c5e02b828e0-259x300.jpg 259w\" sizes=\"auto, (max-width: 492px) 100vw, 492px\" \/>\t\t\t\t\t\t\n\t\t\t\t\t<\/div>\n\t\t\t\t\t\t\t\t\n<style>\n#image_1614894105 {\n  width: 100%;\n}\n<\/style>\n\t<\/div>\n\t\n\t\t<\/div>\n\t\t\t\t\n<style>\n#col-308895967 > .col-inner {\n  padding: 15px 15px 15px 15px;\n}\n<\/style>\n\t<\/div>\n\n\t\n\n\t<div id=\"col-1374424673\" class=\"col medium-6 small-12 large-6\"  >\n\t\t\t\t<div class=\"col-inner text-left\"  >\n\t\t\t\n\t\t\t\n\t<div id=\"text-2620244121\" class=\"text\">\n\t\t\n<h2 class=\"uppercase\"><strong>CH\u00daNG T\u00d4I <\/strong><span style=\"color: #fec219;\"><strong>L\u00c0M G\u00cc<\/strong><\/span><\/h2>\n\t\t\n<style>\n#text-2620244121 {\n  line-height: 1.8;\n  text-align: left;\n}\n<\/style>\n\t<\/div>\n\t\n<div class=\"is-divider divider clearfix\" style=\"max-width:100px;background-color:rgb(0, 0, 0);\"><\/div>\n<p style=\"text-align: left;\"><strong>Design Hub<\/strong> l\u00e0 m\u1ed9t c\u00f4ng ty t\u01b0 v\u1ea5n d\u1ecbch v\u1ee5 tr\u1ecdn g\u00f3i v\u1edbi n\u0103ng l\u1ef1c tr\u1ea3i d\u00e0i t\u1eeb kh\u00e2u \u00fd t\u01b0\u1edfng \u0111\u1ebfn kh\u00e2u b\u00e0n giao cu\u1ed1i c\u00f9ng. Ch\u00fang t\u00f4i h\u1ee3p t\u00e1c ch\u1eb7t ch\u1ebd v\u1edbi \u0111\u1ed9i ng\u0169 c\u1ee7a b\u1ea1n \u0111\u1ec3 hi\u1ec3u r\u00f5 y\u00eau c\u1ea7u d\u1ef1 \u00e1n v\u00e0 nhu c\u1ea7u c\u1ee7a c\u00e1c nh\u00f3m ng\u01b0\u1eddi d\u00f9ng trong su\u1ed1t qu\u00e1 tr\u00ecnh th\u1ef1c hi\u1ec7n d\u1ef1 \u00e1n, b\u1edfi ch\u00fang t\u00f4i tin r\u1eb1ng s\u1ef1 th\u00e0nh c\u00f4ng c\u1ee7a vi\u1ec7c t\u00edch h\u1ee3p nghe nh\u00ecn l\u00e0 k\u1ebft qu\u1ea3 c\u1ee7a ph\u01b0\u01a1ng ph\u00e1p l\u00e0m vi\u1ec7c nh\u00f3m h\u1ee3p t\u00e1c.<\/p>\n<p style=\"text-align: left;\">L\u00e0 m\u1ed9t c\u00f4ng ty t\u01b0 v\u1ea5n \u0111\u1ed9c l\u1eadp, ch\u00fang t\u00f4i cung c\u1ea5p \u0111\u1ea7y \u0111\u1ee7 c\u00e1c d\u1ecbch v\u1ee5 c\u1ea7n thi\u1ebft \u0111\u1ec3 \u0111\u01b0a m\u1ed9t d\u1ef1 \u00e1n t\u1eeb kh\u00e2u \u00fd t\u01b0\u1edfng \u0111\u1ebfn kh\u00e2u b\u00e0n giao cu\u1ed1i c\u00f9ng.<\/p>\n<a href=\"\/vi\/chung-toi-lam-gi\/\" class=\"button primary is-underline\"  >\n    <span>Xem th\u00eam<\/span>\n  <\/a>\n\n\t\t<\/div>\n\t\t\t\t\t<\/div>\n\n\t\n<\/div>\n\t\t<\/div>\n\n\t\t\n<style>\n#section_1761386919 {\n  padding-top: 59px;\n  padding-bottom: 59px;\n  min-height: 300px;\n}\n<\/style>\n\t<\/section>\n\t\n","protected":false},"excerpt":{"rendered":"","protected":false},"author":1,"featured_media":0,"parent":0,"menu_order":0,"comment_status":"closed","ping_status":"closed","template":"","meta":{"footnotes":""},"class_list":["post-15","page","type-page","status-publish","hentry"],"_links":{"self":[{"href":"https:\/\/designhub.vn\/vi\/wp-json\/wp\/v2\/pages\/15","targetHints":{"allow":["GET"]}}],"collection":[{"href":"https:\/\/designhub.vn\/vi\/wp-json\/wp\/v2\/pages"}],"about":[{"href":"https:\/\/designhub.vn\/vi\/wp-json\/wp\/v2\/types\/page"}],"author":[{"embeddable":true,"href":"https:\/\/designhub.vn\/vi\/wp-json\/wp\/v2\/users\/1"}],"replies":[{"embeddable":true,"href":"https:\/\/designhub.vn\/vi\/wp-json\/wp\/v2\/comments?post=15"}],"version-history":[{"count":17,"href":"https:\/\/designhub.vn\/vi\/wp-json\/wp\/v2\/pages\/15\/revisions"}],"predecessor-version":[{"id":920,"href":"https:\/\/designhub.vn\/vi\/wp-json\/wp\/v2\/pages\/15\/revisions\/920"}],"wp:attachment":[{"href":"https:\/\/designhub.vn\/vi\/wp-json\/wp\/v2\/media?parent=15"}],"curies":[{"name":"wp","href":"https:\/\/api.w.org\/{rel}","templated":true}]}}