{"id":468,"date":"2025-08-04T14:51:44","date_gmt":"2025-08-04T07:51:44","guid":{"rendered":"https:\/\/designhub.vn\/?page_id=468"},"modified":"2025-10-23T11:39:16","modified_gmt":"2025-10-23T04:39:16","slug":"chung-toi-lam-gi","status":"publish","type":"page","link":"https:\/\/designhub.vn\/vi\/chung-toi-lam-gi\/","title":{"rendered":"Ch\u00fang t\u00f4i l\u00e0m g\u00ec?"},"content":{"rendered":"\t<section class=\"section\" id=\"section_1909468455\">\n\t\t<div class=\"bg section-bg fill bg-fill bg-loaded bg-loaded\" >\n\n\t\t\t\n\t\t\t\n\t\t\t\n\n\t\t<\/div>\n\n\t\t\n\n\t\t<div class=\"section-content relative\">\n\t\t\t\n<div class=\"row align-equal align-center\"  id=\"row-1399754658\">\n\n\t<div id=\"col-1440384657\" class=\"col medium-4 small-12 large-4\"  >\n\t\t\t\t<div class=\"col-inner\"  >\n\t\t\t\n\t\t\t\n\t<div class=\"box has-hover   has-hover box-text-bottom\" >\n\n\t\t<div class=\"box-image\" >\n\t\t\t\t\t\t<div class=\"\" >\n\t\t\t\t<img loading=\"lazy\" decoding=\"async\" width=\"432\" height=\"570\" src=\"https:\/\/designhub.vn\/wp-content\/uploads\/2025\/08\/b1.jpg\" class=\"attachment-original size-original\" alt=\"\" srcset=\"https:\/\/designhub.vn\/wp-content\/uploads\/2025\/08\/b1.jpg 432w, https:\/\/designhub.vn\/wp-content\/uploads\/2025\/08\/b1-227x300.jpg 227w\" sizes=\"auto, (max-width: 432px) 100vw, 432px\" \/>\t\t\t\t\t\t\t\t\t\t\t<\/div>\n\t\t\t\t\t<\/div>\n\n\t\t<div class=\"box-text text-center\" >\n\t\t\t<div class=\"box-text-inner\">\n\t\t\t\t\n\t<div id=\"text-4112355318\" class=\"text\">\n\t\t\n<h2 style=\"text-align: center;\">T\u00d3M T\u1eaeT\/THI\u1ebeT K\u1ebe \u00dd T\u01af\u1edeNG<\/h2>\n<p><strong>Design Hub<\/strong> g\u1eb7p g\u1ee1 kh\u00e1ch h\u00e0ng v\u00e0 nh\u00f3m ng\u01b0\u1eddi d\u00f9ng \u0111\u1ec3 th\u1ea3o lu\u1eadn v\u1ec1 nhu c\u1ea7u c\u1ee7a h\u1ecd v\u00e0 \u0111\u1ea1t \u0111\u01b0\u1ee3c th\u1ecfa thu\u1eadn chung v\u1ec1 c\u00e1c c\u01a1 s\u1edf v\u1eadt ch\u1ea5t c\u1ea7n thi\u1ebft.<\/p>\n<p>X\u00e1c \u0111\u1ecbnh s\u1edbm m\u1ecdi v\u1ea5n \u0111\u1ec1 ho\u1eb7c th\u00e1ch th\u1ee9c v\u1edbi c\u00e1c c\u01a1 s\u1edf v\u1eadt ch\u1ea5t hi\u1ec7n c\u00f3 \u0111\u1ec3 thi\u1ebft k\u1ebf m\u1ed9t h\u1ec7 th\u1ed1ng ph\u00f9 h\u1ee3p. Th\u1ef1c hi\u1ec7n ki\u1ec3m to\u00e1n, xem x\u00e9t c\u00e1c c\u01a1 s\u1edf v\u1eadt ch\u1ea5t hi\u1ec7n c\u00f3.<\/p>\n<p>M\u1ed9t B\u00e1o c\u00e1o Thi\u1ebft k\u1ebf Kh\u00e1i ni\u1ec7m\/T\u00f3m t\u1eaft Ph\u1ea3n h\u1ed3i \u0111\u01b0\u1ee3c chu\u1ea9n b\u1ecb, bao g\u1ed3m s\u01a1 \u0111\u1ed3 h\u1ec7 th\u1ed1ng kh\u00e1i ni\u1ec7m, gi\u1ea3i th\u00edch v\u1ec1 c\u00e1c c\u00f4ng ngh\u1ec7\/s\u00e1ng ki\u1ebfn m\u1edbi v\u00e0 c\u00e1c t\u00ednh n\u0103ng b\u1ed5 sung t\u00f9y ch\u1ecdn \u0111\u01b0\u1ee3c \u0111\u1ec1 xu\u1ea5t. D\u1ef1 to\u00e1n ng\u00e2n s\u00e1ch l\u00e0 m\u1ed9t th\u00e0nh ph\u1ea7n quan tr\u1ecdng c\u1ee7a b\u00e1o c\u00e1o n\u00e0y.<\/p>\n\t\t\n<style>\n#text-4112355318 {\n  line-height: 1.9;\n  text-align: left;\n}\n<\/style>\n\t<\/div>\n\t\n\t\t\t<\/div>\n\t\t<\/div>\n\t<\/div>\n\t\n\t\t<\/div>\n\t\t\t\t\t<\/div>\n\n\t\n\n\t<div id=\"col-1427295291\" class=\"col medium-4 small-12 large-4\"  >\n\t\t\t\t<div class=\"col-inner\"  >\n\t\t\t\n\t\t\t\n\t<div class=\"box has-hover   has-hover box-text-bottom\" >\n\n\t\t<div class=\"box-image\" >\n\t\t\t\t\t\t<div class=\"\" >\n\t\t\t\t<img loading=\"lazy\" decoding=\"async\" width=\"432\" height=\"570\" src=\"https:\/\/designhub.vn\/wp-content\/uploads\/2025\/08\/b2.jpg\" class=\"attachment-original size-original\" alt=\"\" srcset=\"https:\/\/designhub.vn\/wp-content\/uploads\/2025\/08\/b2.jpg 432w, https:\/\/designhub.vn\/wp-content\/uploads\/2025\/08\/b2-227x300.jpg 227w\" sizes=\"auto, (max-width: 432px) 100vw, 432px\" \/>\t\t\t\t\t\t\t\t\t\t\t<\/div>\n\t\t\t\t\t<\/div>\n\n\t\t<div class=\"box-text text-center\" >\n\t\t\t<div class=\"box-text-inner\">\n\t\t\t\t\n\t<div id=\"text-859758742\" class=\"text\">\n\t\t\n<h2 style=\"text-align: center;\">THI\u1ebeT K\u1ebe CHI TI\u1ebeT &amp; T\u00c0I LI\u1ec6U<\/h2>\n<p>Sau khi B\u1ea3n t\u00f3m t\u1eaft\/Thi\u1ebft k\u1ebf \u00fd t\u01b0\u1edfng \u0111\u01b0\u1ee3c k\u00fd duy\u1ec7t, giai \u0111o\u1ea1n l\u1eadp t\u00e0i li\u1ec7u chi ti\u1ebft s\u1ebd b\u1eaft \u0111\u1ea7u. Nh\u00f3m d\u1ef1 \u00e1n s\u1ebd c\u00f3 c\u00e1c cu\u1ed9c h\u1ecdp ph\u1ed1i h\u1ee3p thi\u1ebft k\u1ebf v\u1edbi c\u00e1c ki\u1ebfn tr\u00fac s\u01b0, nh\u00e0 thi\u1ebft k\u1ebf n\u1ed9i th\u1ea5t v\u00e0 chuy\u00ean gia t\u01b0 v\u1ea5n d\u1ecbch v\u1ee5. Vi\u1ec7c t\u00edch h\u1ee3p c\u00e1c ti\u1ec7n \u00edch th\u00e0nh c\u00f4ng s\u1ebd ph\u1ee5 thu\u1ed9c v\u00e0o c\u00e1ch ti\u1ebfp c\u1eadn c\u1ee7a nh\u00f3m n\u00e0y.<\/p>\n<p>G\u00f3i th\u1ea7u\/\u0111\u1ea5u th\u1ea7u th\u00f4ng s\u1ed1 k\u1ef9 thu\u1eadt bao g\u1ed3m b\u1ea3n v\u1ebd k\u1ef9 thu\u1eadt c\u1ee7a t\u1ea5t c\u1ea3 c\u00e1c h\u1ec7 th\u1ed1ng, s\u01a1 \u0111\u1ed3 m\u00f4 t\u1ea3 ph\u1ed1i c\u1ea3nh v\u00e0 h\u00ecnh th\u1ee9c, danh m\u1ee5c thi\u1ebft b\u1ecb v\u00e0 v\u1eadt t\u01b0, ti\u00eau ch\u00ed hi\u1ec7u su\u1ea5t, ch\u01b0\u01a1ng tr\u00ecnh tri\u1ec3n khai v\u00e0 h\u01b0\u1edbng d\u1eabn cho nh\u00e0 th\u1ea7u.<\/p>\n<p>Ng\u00e2n s\u00e1ch cho vi\u1ec7c t\u00edch h\u1ee3p h\u1ec7 th\u1ed1ng v\u1edbi thi\u1ebft b\u1ecb v\u00e0 l\u1eafp \u0111\u1eb7t s\u1ebd \u0111\u01b0\u1ee3c c\u1eadp nh\u1eadt.<\/p>\n\t\t\n<style>\n#text-859758742 {\n  line-height: 1.9;\n  text-align: left;\n}\n<\/style>\n\t<\/div>\n\t\n\t\t\t<\/div>\n\t\t<\/div>\n\t<\/div>\n\t\n\t\t<\/div>\n\t\t\t\t\t<\/div>\n\n\t\n\n\t<div id=\"col-1970073831\" class=\"col medium-4 small-12 large-4\"  >\n\t\t\t\t<div class=\"col-inner\"  >\n\t\t\t\n\t\t\t\n\t<div class=\"box has-hover   has-hover box-text-bottom\" >\n\n\t\t<div class=\"box-image\" >\n\t\t\t\t\t\t<div class=\"\" >\n\t\t\t\t<img loading=\"lazy\" decoding=\"async\" width=\"432\" height=\"570\" src=\"https:\/\/designhub.vn\/wp-content\/uploads\/2025\/08\/b3.jpg\" class=\"attachment-original size-original\" alt=\"\" srcset=\"https:\/\/designhub.vn\/wp-content\/uploads\/2025\/08\/b3.jpg 432w, https:\/\/designhub.vn\/wp-content\/uploads\/2025\/08\/b3-227x300.jpg 227w\" sizes=\"auto, (max-width: 432px) 100vw, 432px\" \/>\t\t\t\t\t\t\t\t\t\t\t<\/div>\n\t\t\t\t\t<\/div>\n\n\t\t<div class=\"box-text text-center\" >\n\t\t\t<div class=\"box-text-inner\">\n\t\t\t\t\n\t<div id=\"text-61976314\" class=\"text\">\n\t\t\n<h2 style=\"text-align: center;\">H\u1ed2 S\u01a0 \u0110\u1ea4U TH\u1ea6U\/THI\u1ebeT K\u1ebe &amp; R\u00c0 SO\u00c1T<\/h2>\n<p>Trong qu\u00e1 tr\u00ecnh \u0111\u1ea5u th\u1ea7u, c\u00e1c c\u00e2u h\u1ecfi c\u1ee7a nh\u00e0 th\u1ea7u, \u0111\u01b0\u1ee3c g\u1eedi b\u1eb1ng v\u0103n b\u1ea3n, s\u1ebd \u0111\u01b0\u1ee3c gi\u1ea3i \u0111\u00e1p. Sau khi k\u1ebft th\u00fac h\u1ed3 s\u01a1 d\u1ef1 th\u1ea7u, ch\u00fang t\u00f4i \u0111\u00e1nh gi\u00e1 c\u00e1c h\u1ed3 s\u01a1 d\u1ef1 th\u1ea7u, v\u00e0 l\u1eadp m\u1ed9t b\u1ea3ng t\u00ednh \u0111\u01b0\u1ee3c chu\u1ea9n h\u00f3a \u0111\u1ec3 \u0111\u1ea3m b\u1ea3o t\u1ea5t c\u1ea3 c\u00e1c h\u1ed3 s\u01a1 d\u1ef1 th\u1ea7u \u0111\u01b0\u1ee3c so s\u00e1nh m\u1ed9t c\u00e1ch c\u00f4ng b\u1eb1ng.<\/p>\n<p>Sau \u0111\u00f3, m\u1ed9t b\u00e1o c\u00e1o \u0111\u1ea5u th\u1ea7u bao g\u1ed3m m\u1ed9t b\u1ea3n ph\u00e2n t\u00edch chi ti\u1ebft b\u1eb1ng v\u0103n b\u1ea3n s\u1ebd \u0111\u01b0\u1ee3c l\u1eadp. N\u1ebfu c\u1ea7n, ch\u00fang t\u00f4i s\u1ebd tham gia c\u00e1c cu\u1ed9c ph\u1ecfng v\u1ea5n.<\/p>\n\t\t\n<style>\n#text-61976314 {\n  line-height: 1.9;\n  text-align: left;\n}\n<\/style>\n\t<\/div>\n\t\n\t\t\t<\/div>\n\t\t<\/div>\n\t<\/div>\n\t\n\t\t<\/div>\n\t\t\t\t\t<\/div>\n\n\t\n\n\t<div id=\"col-1283543045\" class=\"col medium-4 small-12 large-4\"  >\n\t\t\t\t<div class=\"col-inner\"  >\n\t\t\t\n\t\t\t\n\t<div class=\"box has-hover   has-hover box-text-bottom\" >\n\n\t\t<div class=\"box-image\" >\n\t\t\t\t\t\t<div class=\"\" >\n\t\t\t\t<img loading=\"lazy\" decoding=\"async\" width=\"432\" height=\"570\" src=\"https:\/\/designhub.vn\/wp-content\/uploads\/2025\/08\/b4.jpg\" class=\"attachment-original size-original\" alt=\"\" srcset=\"https:\/\/designhub.vn\/wp-content\/uploads\/2025\/08\/b4.jpg 432w, https:\/\/designhub.vn\/wp-content\/uploads\/2025\/08\/b4-227x300.jpg 227w\" sizes=\"auto, (max-width: 432px) 100vw, 432px\" \/>\t\t\t\t\t\t\t\t\t\t\t<\/div>\n\t\t\t\t\t<\/div>\n\n\t\t<div class=\"box-text text-center\" >\n\t\t\t<div class=\"box-text-inner\">\n\t\t\t\t\n\t<div id=\"text-1935938527\" class=\"text\">\n\t\t\n<h2 style=\"text-align: center;\">GI\u00c1M S\u00c1T X\u00c2Y D\u1ef0NG<\/h2>\n<p>Sau khi h\u1ee3p \u0111\u1ed3ng \u0111\u01b0\u1ee3c k\u00fd k\u1ebft, c\u00e1c chuy\u1ebfn kh\u1ea3o s\u00e1t th\u1ef1c \u0111\u1ecba s\u1ebd \u0111\u01b0\u1ee3c th\u1ef1c hi\u1ec7n t\u1ea1i c\u00e1c \u0111i\u1ec3m l\u1eafp \u0111\u1eb7t ch\u00ednh \u0111\u1ec3 \u0111\u1ea3m b\u1ea3o s\u1ef1 ph\u1ed1i h\u1ee3p, \u0111\u00e1nh gi\u00e1 tay ngh\u1ec1 v\u00e0 b\u00e1o c\u00e1o ti\u1ebfn \u0111\u1ed9. Ch\u00fang t\u00f4i gi\u00e1m s\u00e1t vi\u1ec7c V\u1eadn h\u00e0nh v\u00e0 Ki\u1ec3m tra c\u1ee7a Nh\u00e0 th\u1ea7u. Danh s\u00e1ch l\u1ed7i \u0111\u01b0\u1ee3c l\u1eadp v\u00e0 c\u00e1c bi\u1ec7n ph\u00e1p kh\u1eafc ph\u1ee5c \u0111\u01b0\u1ee3c xem x\u00e9t. C\u00e1c quy tr\u00ecnh v\u00e0 s\u1ed5 tay b\u1ea3o tr\u00ec do Nh\u00e0 th\u1ea7u chu\u1ea9n b\u1ecb \u0111\u01b0\u1ee3c xem x\u00e9t.<\/p>\n\t\t\n<style>\n#text-1935938527 {\n  line-height: 1.9;\n  text-align: left;\n}\n<\/style>\n\t<\/div>\n\t\n\t\t\t<\/div>\n\t\t<\/div>\n\t<\/div>\n\t\n\t\t<\/div>\n\t\t\t\t\t<\/div>\n\n\t\n\n\t<div id=\"col-1180555503\" class=\"col medium-4 small-12 large-4\"  >\n\t\t\t\t<div class=\"col-inner\"  >\n\t\t\t\n\t\t\t\n\t<div class=\"box has-hover   has-hover box-text-bottom\" >\n\n\t\t<div class=\"box-image\" >\n\t\t\t\t\t\t<div class=\"\" >\n\t\t\t\t<img loading=\"lazy\" decoding=\"async\" width=\"432\" height=\"570\" src=\"https:\/\/designhub.vn\/wp-content\/uploads\/2025\/08\/b5.jpg\" class=\"attachment-original size-original\" alt=\"\" srcset=\"https:\/\/designhub.vn\/wp-content\/uploads\/2025\/08\/b5.jpg 432w, https:\/\/designhub.vn\/wp-content\/uploads\/2025\/08\/b5-227x300.jpg 227w\" sizes=\"auto, (max-width: 432px) 100vw, 432px\" \/>\t\t\t\t\t\t\t\t\t\t\t<\/div>\n\t\t\t\t\t<\/div>\n\n\t\t<div class=\"box-text text-center\" >\n\t\t\t<div class=\"box-text-inner\">\n\t\t\t\t\n\t<div id=\"text-2332493475\" class=\"text\">\n\t\t\n<h2 style=\"text-align: center;\">CH\u1ee8NG NH\u1eacN &amp; B\u00c0N GIAO<\/h2>\n<p>K\u1ebf ho\u1ea1ch Ki\u1ec3m tra Ch\u1ea5p nh\u1eadn c\u1ee7a Ng\u01b0\u1eddi d\u00f9ng \u0111\u01b0\u1ee3c l\u1eadp tr\u00ean MS Excel, m\u1ed7i kh\u00f4ng gian ho\u1eb7c h\u1ec7 th\u1ed1ng m\u1ed9t trang. C\u00e1c K\u1ebf ho\u1ea1ch n\u00e0y \u0111\u01b0\u1ee3c l\u1eadp d\u1ef1a tr\u00ean t\u00e0i li\u1ec7u thi\u1ebft k\u1ebf; Giao di\u1ec7n Ng\u01b0\u1eddi d\u00f9ng \u0111\u00e3 c\u00e0i \u0111\u1eb7t v\u00e0 Ti\u00eau chu\u1ea9n ANSI\/Infocomm.<\/p>\n<p>Khi h\u1ec7 th\u1ed1ng ho\u1ea1t \u0111\u1ed9ng nh\u01b0 ch\u1ec9 \u0111\u1ecbnh v\u00e0 kh\u00f4ng c\u00f3 l\u1ed7i nh\u1ecf n\u00e0o, th\u00ec ch\u1ee9ng nh\u1eadn s\u1ebd \u0111\u01b0\u1ee3c c\u1ea5p. \u0110\u00e2y l\u00e0 ng\u00e0y b\u1eaft \u0111\u1ea7u giai \u0111o\u1ea1n Tr\u00e1ch nhi\u1ec7m v\u1ec1 L\u1ed7i.<\/p>\n\t\t\n<style>\n#text-2332493475 {\n  line-height: 1.9;\n  text-align: left;\n}\n<\/style>\n\t<\/div>\n\t\n\t\t\t<\/div>\n\t\t<\/div>\n\t<\/div>\n\t\n\t\t<\/div>\n\t\t\t\t\t<\/div>\n\n\t\n\n\t<div id=\"col-928270608\" class=\"col medium-4 small-12 large-4\"  >\n\t\t\t\t<div class=\"col-inner\"  >\n\t\t\t\n\t\t\t\n\t<div class=\"box has-hover   has-hover box-text-bottom\" >\n\n\t\t<div class=\"box-image\" >\n\t\t\t\t\t\t<div class=\"\" >\n\t\t\t\t<img loading=\"lazy\" decoding=\"async\" width=\"432\" height=\"570\" src=\"https:\/\/designhub.vn\/wp-content\/uploads\/2025\/08\/b6.jpg\" class=\"attachment-original size-original\" alt=\"\" srcset=\"https:\/\/designhub.vn\/wp-content\/uploads\/2025\/08\/b6.jpg 432w, https:\/\/designhub.vn\/wp-content\/uploads\/2025\/08\/b6-227x300.jpg 227w\" sizes=\"auto, (max-width: 432px) 100vw, 432px\" \/>\t\t\t\t\t\t\t\t\t\t\t<\/div>\n\t\t\t\t\t<\/div>\n\n\t\t<div class=\"box-text text-center\" >\n\t\t\t<div class=\"box-text-inner\">\n\t\t\t\t\n\t<div id=\"text-1073014271\" class=\"text\">\n\t\t\n<h2 style=\"text-align: center;\">\u0110\u00c1NH GI\u00c1 TR\u00c1CH NHI\u1ec6M V\u1ec0 KHUY\u1ebeT T\u1eacT<\/h2>\n<p>Nh\u00ecn chung, khi k\u1ebft th\u00fac th\u1eddi h\u1ea1n Tr\u00e1ch nhi\u1ec7m v\u1ec1 Khi\u1ebfm khuy\u1ebft, ch\u00fang t\u00f4i c\u00f3 th\u1ec3 xem x\u00e9t ch\u1ee9c n\u0103ng v\u00e0 ho\u1ea1t \u0111\u1ed9ng c\u1ee7a C\u01a1 s\u1edf v\u00e0 n\u1ebfu \u0111\u1ea1t y\u00eau c\u1ea7u, \u0111\u1ec1 xu\u1ea5t gi\u1ea3i ph\u00f3ng kho\u1ea3n thanh to\u00e1n gi\u1eef l\u1ea1i.<\/p>\n\t\t\n<style>\n#text-1073014271 {\n  line-height: 1.9;\n  text-align: left;\n}\n<\/style>\n\t<\/div>\n\t\n\t\t\t<\/div>\n\t\t<\/div>\n\t<\/div>\n\t\n\t\t<\/div>\n\t\t\t\t\t<\/div>\n\n\t\n\n\t<div id=\"col-2123614639\" class=\"col medium-4 small-12 large-4\"  >\n\t\t\t\t<div class=\"col-inner\"  >\n\t\t\t\n\t\t\t\n\t<div class=\"box has-hover   has-hover box-text-bottom\" >\n\n\t\t<div class=\"box-image\" >\n\t\t\t\t\t\t<div class=\"\" >\n\t\t\t\t<img loading=\"lazy\" decoding=\"async\" width=\"432\" height=\"570\" src=\"https:\/\/designhub.vn\/wp-content\/uploads\/2025\/08\/b7.jpg\" class=\"attachment-original size-original\" alt=\"\" srcset=\"https:\/\/designhub.vn\/wp-content\/uploads\/2025\/08\/b7.jpg 432w, https:\/\/designhub.vn\/wp-content\/uploads\/2025\/08\/b7-227x300.jpg 227w\" sizes=\"auto, (max-width: 432px) 100vw, 432px\" \/>\t\t\t\t\t\t\t\t\t\t\t<\/div>\n\t\t\t\t\t<\/div>\n\n\t\t<div class=\"box-text text-center\" >\n\t\t\t<div class=\"box-text-inner\">\n\t\t\t\t\n\t<div id=\"text-2760976726\" class=\"text\">\n\t\t\n<h2 style=\"text-align: center;\">KI\u1ec2M TO\u00c1N C\u01a0 S\u1ede V\u1eacT CH\u1ea4T<\/h2>\n<p><strong>Design Hub<\/strong> cung c\u1ea5p g\u00f3i Ki\u1ec3m to\u00e1n \u0111\u1ec3 xem x\u00e9t c\u00e1c c\u00e0i \u0111\u1eb7t hi\u1ec7n c\u00f3 v\u1ec1: Tr\u1ea3i nghi\u1ec7m ng\u01b0\u1eddi d\u00f9ng; Ch\u1ee9c n\u0103ng; M\u1ee9c ti\u00eau th\u1ee5 n\u0103ng l\u01b0\u1ee3ng; T\u00ednh b\u1ec1n v\u1eefng v\u00e0 Kh\u1ea3 n\u0103ng n\u00e2ng c\u1ea5p.<\/p>\n\t\t\n<style>\n#text-2760976726 {\n  text-align: left;\n}\n<\/style>\n\t<\/div>\n\t\n\t\t\t<\/div>\n\t\t<\/div>\n\t<\/div>\n\t\n\t\t<\/div>\n\t\t\t\t\t<\/div>\n\n\t\n<\/div>\n\t\t<\/div>\n\n\t\t\n<style>\n#section_1909468455 {\n  padding-top: 30px;\n  padding-bottom: 30px;\n}\n<\/style>\n\t<\/section>\n\t\n","protected":false},"excerpt":{"rendered":"","protected":false},"author":3,"featured_media":0,"parent":0,"menu_order":0,"comment_status":"closed","ping_status":"closed","template":"","meta":{"footnotes":""},"class_list":["post-468","page","type-page","status-publish","hentry"],"_links":{"self":[{"href":"https:\/\/designhub.vn\/vi\/wp-json\/wp\/v2\/pages\/468","targetHints":{"allow":["GET"]}}],"collection":[{"href":"https:\/\/designhub.vn\/vi\/wp-json\/wp\/v2\/pages"}],"about":[{"href":"https:\/\/designhub.vn\/vi\/wp-json\/wp\/v2\/types\/page"}],"author":[{"embeddable":true,"href":"https:\/\/designhub.vn\/vi\/wp-json\/wp\/v2\/users\/3"}],"replies":[{"embeddable":true,"href":"https:\/\/designhub.vn\/vi\/wp-json\/wp\/v2\/comments?post=468"}],"version-history":[{"count":11,"href":"https:\/\/designhub.vn\/vi\/wp-json\/wp\/v2\/pages\/468\/revisions"}],"predecessor-version":[{"id":1108,"href":"https:\/\/designhub.vn\/vi\/wp-json\/wp\/v2\/pages\/468\/revisions\/1108"}],"wp:attachment":[{"href":"https:\/\/designhub.vn\/vi\/wp-json\/wp\/v2\/media?parent=468"}],"curies":[{"name":"wp","href":"https:\/\/api.w.org\/{rel}","templated":true}]}}